{"id":5308,"date":"2022-07-09T06:29:01","date_gmt":"2022-07-09T04:29:01","guid":{"rendered":"https:\/\/chateaudeau.toulouse.fr\/accessibility\/"},"modified":"2022-11-02T17:11:29","modified_gmt":"2022-11-02T16:11:29","slug":"accessibility","status":"publish","type":"page","link":"https:\/\/chateaudeau.toulouse.fr\/en\/accessibility\/","title":{"rendered":"Accessibility"},"content":{"rendered":"\n<div class=\"wp-block-media-text alignwide is-stacked-on-mobile\"><figure class=\"wp-block-media-text__media\" role=\"group\" aria-label=\"\u00a9 Vue du Ch\u00e2teau d'Eau en ext\u00e9rieur \/ D.R.\" \"><img loading=\"lazy\" decoding=\"async\" width=\"1392\" height=\"1045\" src=\"https:\/\/chateaudeau.toulouse.fr\/wp-content\/uploads\/sites\/2\/2022\/07\/Presentation_entree_MZ3.jpg\" alt=\"\" class=\"wp-image-2642 size-full\" srcset=\"https:\/\/chateaudeau.toulouse.fr\/wp-content\/uploads\/sites\/2\/2022\/07\/Presentation_entree_MZ3.jpg 1392w, https:\/\/chateaudeau.toulouse.fr\/wp-content\/uploads\/sites\/2\/2022\/07\/Presentation_entree_MZ3-810x608.jpg 810w, https:\/\/chateaudeau.toulouse.fr\/wp-content\/uploads\/sites\/2\/2022\/07\/Presentation_entree_MZ3-768x577.jpg 768w, https:\/\/chateaudeau.toulouse.fr\/wp-content\/uploads\/sites\/2\/2022\/07\/Presentation_entree_MZ3-414x311.jpg 414w\" sizes=\"(max-width: 1392px) 100vw, 1392px\" \/><figcaption>\u00a9 Vue du Ch\u00e2teau d&#8217;Eau en ext\u00e9rieur \/ D.R.<\/figcaption><\/figure><div class=\"wp-block-media-text__content\">\n<h2 class=\"has-grey-dark-color has-text-color wp-block-heading\">Getting <strong>to Ch\u00e2teau d&#8217;Eau<\/strong><\/h2>\n\n\n\n<ul class=\"wp-block-list\"><li>By bus to the terminal Cours Dillon (accessible platforms). The average distance to get to the entrance is 100 metres.<\/li><li>The nearest bus stop is <a href=\"https:\/\/www.tisseo.fr\/sites\/default\/files\/fh\/ligneL4.html\" target=\"_blank\" rel=\"noreferrer noopener\">Cours Dillon \u2013 Line L4<\/a>, which is a few metres away from the gallery\u2019s entrance. <br>Visit the Tiss\u00e9o <a href=\"https:\/\/www.tisseo.fr\/se-deplacer\/reseau-accessible\">accessible network page | Tiss\u00e9o (tisseo.fr)<\/a><\/li><li>By car, a <strong>paying car park at Cours Dillon is less than 200 metres away.<\/strong> Visit the page dedicated to <a href=\"https:\/\/www.toulouse-metropole.fr\/voirie-et-accessibilite\">roadways and accessibility &#8211; Toulouse M\u00e9tropole (toulouse-metropole.fr)<\/a><\/li><\/ul>\n\n\n\n<p><a href=\"https:\/\/chateaudeau.toulouse.fr\/en\/practical-information\/\">Practical information<\/a><\/p>\n\n\n\n<p><strong>Telephone : 05 34 24 52 35<\/strong><\/p>\n<\/div><\/div>\n\n\n<section class=\"section-group\"><div class=\"container\"><div class=\"pure-g\">\n<div class=\"wp-block-group is-layout-flow wp-block-group-is-layout-flow\">\n<h2 class=\"has-grey-dark-color has-text-color wp-block-heading\">Access to<strong> the areas to be visited<\/strong><\/h2>\n\n\n\n<p>Entry is free for disabled people and their companions on presentation of proof.<br>Disabled people and their companions have priority access without having to wait at the reception desk.<br>The visit lasts on average 50 minutes.<\/p>\n\n\n\n<div class=\"wp-block-columns is-layout-flex wp-container-core-columns-is-layout-9d6595d7 wp-block-columns-is-layout-flex\">\n<div class=\"wp-block-column is-layout-flow wp-block-column-is-layout-flow\">\n<h3 class=\"wp-block-heading\"><strong>The brick tower<\/strong><\/h3>\n\n\n\n<p class=\"has-normal-font-size\">External lift to get up the entrance stairs, giving access to:<\/p>\n\n\n\n<ul class=\"has-normal-font-size wp-block-list\"><li>the reception\/ticket office <\/li><li>the ground floor of the main exhibition <\/li><\/ul>\n\n\n\n<p class=\"has-grey-light-background-color has-background has-normal-font-size\"><strong>Warning<\/strong>: The basement of the tower is not accessible. Only a stone staircase provides access (renovation work planned).<\/p>\n<\/div>\n\n\n\n<div class=\"wp-block-column is-layout-flow wp-block-column-is-layout-flow\">\n<h3 class=\"wp-block-heading\"><strong>The second gallery <\/strong><\/h3>\n\n\n\n<p class=\"has-normal-font-size\">Following the gently sloped path in the garden, giving access to:<\/p>\n\n\n\n<ul class=\"has-normal-font-size wp-block-list\"><li>the second exhibition<\/li><li>the shop \/ bookshop<\/li><li>a toilet with an armchair<\/li><li>the library<\/li><li>the public garden and the ephemeral caf\u00e9 (June to October)<\/li><\/ul>\n<\/div>\n<\/div>\n\n\n\n<hr class=\"wp-block-separator has-css-opacity\"\/>\n<\/div>\n<\/div><\/div><\/section>\n\n<section class=\"section-group\"><div class=\"container\"><div class=\"pure-g\">\n<div class=\"wp-block-group is-layout-flow wp-block-group-is-layout-flow\">\n<h2 class=\"has-grey-dark-color has-text-color wp-block-heading\">MAKING <strong>YOUR VISIT&nbsp;<\/strong> MORE COMFORTABLE<\/h2>\n\n\n\n<ul class=\"has-normal-font-size wp-block-list\"><li>The distance covered inside the exhibitions is approximately 200 metres<\/li><li>The ticket office and shop are equipped with audio kits<\/li><li>There are benches in the basement and in the second gallery<\/li><li>For families, you can leave your pushchairs at the reception desk<\/li><\/ul>\n<\/div>\n<\/div><\/div><\/section>\n\n<section class=\"section-group\"><div class=\"container\"><div class=\"pure-g\">\n<div class=\"wp-block-group is-layout-flow wp-block-group-is-layout-flow\">\n<hr class=\"wp-block-separator has-css-opacity\"\/>\n\n\n\n<h2 class=\"has-grey-dark-color has-text-color wp-block-heading\">CONTACT <strong>US<\/strong><\/h2>\n\n\n\n<div class=\"wpcf7 no-js\" id=\"wpcf7-f327-o1\" lang=\"\" dir=\"ltr\" data-wpcf7-id=\"327\">\n<div class=\"screen-reader-response\"><p role=\"status\" aria-live=\"polite\" aria-atomic=\"true\"><\/p> <ul><\/ul><\/div>\n<form action=\"\/en\/wp-json\/wp\/v2\/pages\/5308#wpcf7-f327-o1\" method=\"post\" class=\"wpcf7-form init\" aria-label=\"Contact form\" novalidate=\"novalidate\" data-status=\"init\">\n<fieldset class=\"hidden-fields-container\"><input type=\"hidden\" name=\"_wpcf7\" value=\"327\" \/><input type=\"hidden\" name=\"_wpcf7_version\" value=\"6.1.5\" \/><input type=\"hidden\" name=\"_wpcf7_locale\" value=\"\" \/><input type=\"hidden\" name=\"_wpcf7_unit_tag\" value=\"wpcf7-f327-o1\" \/><input type=\"hidden\" name=\"_wpcf7_container_post\" value=\"0\" \/><input type=\"hidden\" name=\"_wpcf7_posted_data_hash\" value=\"\" \/>\n<\/fieldset>\n<input class=\"wpcf7-form-control wpcf7-hidden\" value=\"block_62d9664de2f6c\" type=\"hidden\" name=\"block_id\" \/>\n<p class=\"form-group form-group--full mandatory\"><span class=\"mandatory\">*<\/span> Les champs marqu\u00e9s d&#8217;un ast\u00e9risque sont obligatoires.<\/p>\n<div class=\"form-group\">\n    <label for=\"first-name-form327-1\">Pr\u00e9nom<\/label><span class=\"wpcf7-form-control-wrap\" data-name=\"first_name\"><input size=\"40\" maxlength=\"400\" class=\"wpcf7-form-control wpcf7-text\" id=\"first-name-form327-1\" aria-invalid=\"false\" value=\"\" type=\"text\" name=\"first_name\" \/><\/span>\n<\/div>\n<div class=\"form-group\">\n    <label for=\"last-name-form327-1\">Nom<\/label><span class=\"wpcf7-form-control-wrap\" data-name=\"last_name\"><input size=\"40\" maxlength=\"400\" class=\"wpcf7-form-control wpcf7-text\" id=\"last-name-form327-1\" aria-invalid=\"false\" value=\"\" type=\"text\" name=\"last_name\" \/><\/span>\n<\/div>\n<div class=\"form-group\">\n    <label for=\"email-form327-1\"><span class=\"mandatory\">*<\/span>Courriel <small>Exemple : jean@martin.fr<\/small><\/label><span class=\"wpcf7-form-control-wrap\" data-name=\"email\"><input size=\"40\" maxlength=\"400\" class=\"wpcf7-form-control wpcf7-email wpcf7-validates-as-required wpcf7-text wpcf7-validates-as-email\" id=\"email-form327-1\" aria-required=\"true\" aria-invalid=\"false\" placeholder=\"Exemple : jean@martin.fr\" value=\"\" type=\"email\" name=\"email\" \/><\/span>\n<\/div>\n<div class=\"form-group\">\n    <label for=\"phone-number-form327-1\">Num\u00e9ro de t\u00e9l\u00e9phone <small>Exemple : 0605040302<\/small><\/label><span class=\"wpcf7-form-control-wrap\" data-name=\"phone_number\"><input size=\"40\" maxlength=\"400\" class=\"wpcf7-form-control wpcf7-tel wpcf7-text wpcf7-validates-as-tel\" id=\"phone-number-form327-1\" aria-invalid=\"false\" placeholder=\"Exemple : 0605040302\" value=\"\" type=\"tel\" name=\"phone_number\" \/><\/span>\n<\/div>\n<div class=\"form-group\">\n    <label for=\"subject-form327-1\"><span class=\"mandatory\">*<\/span> Objet de votre demande<\/label><span class=\"wpcf7-form-control-wrap\" data-name=\"subject\"><input size=\"40\" maxlength=\"400\" class=\"wpcf7-form-control wpcf7-text wpcf7-validates-as-required\" id=\"subject-form327-1\" aria-required=\"true\" aria-invalid=\"false\" value=\"\" type=\"text\" name=\"subject\" \/><\/span>\n<\/div>\n<div class=\"form-group form-group--full\">\n    <label for=\"message-form327-1\"><span class=\"mandatory\">*<\/span> Message<\/label><span class=\"wpcf7-form-control-wrap\" data-name=\"message\"><textarea cols=\"40\" rows=\"10\" maxlength=\"2000\" class=\"wpcf7-form-control wpcf7-textarea wpcf7-validates-as-required\" id=\"message-form327-1\" aria-required=\"true\" aria-invalid=\"false\" name=\"message\"><\/textarea><\/span>\n<\/div>\n<div class=\"form-group form-group--full\">\n    <span class=\"wpcf7-form-control-wrap\" data-name=\"consent\"><span class=\"wpcf7-form-control wpcf7-acceptance\"><span class=\"wpcf7-list-item\"><label><input type=\"checkbox\" name=\"consent\" value=\"1\" aria-invalid=\"false\" \/><span class=\"wpcf7-list-item-label\">En cochant cette case je consens \u00e0 ce que mes donn\u00e9es soient trait\u00e9es par la Galerie du Ch\u00e2teau d\u2019Eau de Toulouse. Je suis inform\u00e9(e) du retrait possible de mon consentement, \u00e0 tout moment, en le demandant \u00e0 galerielechateaudeau@mairie-toulouse.fr *<\/span><\/label><\/span><\/span><\/span>\n<\/div>\n<div class=\"form-group form-group--full\">\n    <span class=\"wpcf7-form-control-wrap\" data-name=\"consent\"><span class=\"wpcf7-form-control wpcf7-acceptance\"><span class=\"wpcf7-list-item\"><label><input type=\"checkbox\" name=\"consent\" value=\"1\" aria-invalid=\"false\" \/><span class=\"wpcf7-list-item-label\">En cochant cette case, j&#8217;atteste avoir 16 ans ou plus.*<\/span><\/label><\/span><\/span><\/span>\n<\/div>\n<p>Ce formulaire est un traitement de donn\u00e9es personnelles g\u00e9r\u00e9 par la Galerie du Ch\u00e2teau d\u2019Eau de Toulouse. Les informations recueillies \u00e0 partir de ce formulaire sont transmises au service gestionnaire de votre demande. Vous pouvez acc\u00e9der aux donn\u00e9es vous concernant, vous opposer \u00e0 leur traitement, les faire rectifier ou les faire effacer en contactant galerielechateaudeau@mairie-toulouse.fr<\/p>\n<div class=\"call\">\n    <input class=\"wpcf7-form-control wpcf7-submit has-spinner btn btn--gold\" type=\"submit\" value=\"Envoyer\" \/>\n<\/div><div class=\"wpcf7-response-output\" aria-hidden=\"true\"><\/div>\n<\/form>\n<\/div>\n<\/div>\n<\/div><\/div><\/section>","protected":false},"excerpt":{"rendered":"","protected":false},"author":16,"featured_media":0,"parent":0,"menu_order":0,"comment_status":"closed","ping_status":"closed","template":"","meta":{"_acf_changed":false,"footnotes":""},"class_list":["post-5308","page","type-page","status-publish","hentry"],"acf":[],"yoast_head":"<!-- This site is optimized with the Yoast SEO plugin v27.0 - https:\/\/yoast.com\/product\/yoast-seo-wordpress\/ -->\n<title>Accessibility - Le Ch\u00e2teau d&#039;Eau<\/title>\n<meta name=\"description\" content=\"Find all useful information about accessibility to the spaces of the Galerie Le Ch\u00e2teau d&#039;Eau and the services available.\" \/>\n<meta name=\"robots\" content=\"index, follow, max-snippet:-1, max-image-preview:large, max-video-preview:-1\" \/>\n<link rel=\"canonical\" href=\"https:\/\/chateaudeau.toulouse.fr\/en\/accessibility\/\" \/>\n<meta property=\"og:locale\" content=\"en_US\" \/>\n<meta property=\"og:type\" content=\"article\" \/>\n<meta property=\"og:title\" content=\"Accessibility - Le Ch\u00e2teau d&#039;Eau\" \/>\n<meta property=\"og:description\" content=\"Find all useful information about accessibility to the spaces of the Galerie Le Ch\u00e2teau d&#039;Eau and the services available.\" \/>\n<meta property=\"og:url\" content=\"https:\/\/chateaudeau.toulouse.fr\/en\/accessibility\/\" \/>\n<meta property=\"og:site_name\" content=\"Le Ch\u00e2teau d&#039;Eau\" \/>\n<meta property=\"article:publisher\" content=\"https:\/\/www.facebook.com\/galerielechateaudeau\" \/>\n<meta property=\"article:modified_time\" content=\"2022-11-02T16:11:29+00:00\" \/>\n<meta property=\"og:image\" content=\"https:\/\/chateaudeau.toulouse.fr\/wp-content\/uploads\/sites\/2\/2022\/07\/Presentation_entree_MZ3.jpg\" \/>\n<meta name=\"twitter:card\" content=\"summary_large_image\" \/>\n<meta name=\"twitter:label1\" content=\"Est. reading time\" \/>\n\t<meta name=\"twitter:data1\" content=\"2 minutes\" \/>\n<script type=\"application\/ld+json\" class=\"yoast-schema-graph\">{\"@context\":\"https:\/\/schema.org\",\"@graph\":[{\"@type\":\"WebPage\",\"@id\":\"https:\/\/chateaudeau.toulouse.fr\/en\/accessibility\/\",\"url\":\"https:\/\/chateaudeau.toulouse.fr\/en\/accessibility\/\",\"name\":\"Accessibility - Le Ch\u00e2teau d&#039;Eau\",\"isPartOf\":{\"@id\":\"https:\/\/chateaudeau.toulouse.fr\/en\/#website\"},\"primaryImageOfPage\":{\"@id\":\"https:\/\/chateaudeau.toulouse.fr\/en\/accessibility\/#primaryimage\"},\"image\":{\"@id\":\"https:\/\/chateaudeau.toulouse.fr\/en\/accessibility\/#primaryimage\"},\"thumbnailUrl\":\"https:\/\/chateaudeau.toulouse.fr\/wp-content\/uploads\/sites\/2\/2022\/07\/Presentation_entree_MZ3.jpg\",\"datePublished\":\"2022-07-09T04:29:01+00:00\",\"dateModified\":\"2022-11-02T16:11:29+00:00\",\"description\":\"Find all useful information about accessibility to the spaces of the Galerie Le Ch\u00e2teau d'Eau and the services available.\",\"breadcrumb\":{\"@id\":\"https:\/\/chateaudeau.toulouse.fr\/en\/accessibility\/#breadcrumb\"},\"inLanguage\":\"en-US\",\"potentialAction\":[{\"@type\":\"ReadAction\",\"target\":[\"https:\/\/chateaudeau.toulouse.fr\/en\/accessibility\/\"]}]},{\"@type\":\"ImageObject\",\"inLanguage\":\"en-US\",\"@id\":\"https:\/\/chateaudeau.toulouse.fr\/en\/accessibility\/#primaryimage\",\"url\":\"https:\/\/chateaudeau.toulouse.fr\/wp-content\/uploads\/sites\/2\/2022\/07\/Presentation_entree_MZ3.jpg\",\"contentUrl\":\"https:\/\/chateaudeau.toulouse.fr\/wp-content\/uploads\/sites\/2\/2022\/07\/Presentation_entree_MZ3.jpg\"},{\"@type\":\"BreadcrumbList\",\"@id\":\"https:\/\/chateaudeau.toulouse.fr\/en\/accessibility\/#breadcrumb\",\"itemListElement\":[{\"@type\":\"ListItem\",\"position\":1,\"name\":\"Accueil\",\"item\":\"https:\/\/chateaudeau.toulouse.fr\/en\/\"},{\"@type\":\"ListItem\",\"position\":2,\"name\":\"Accessibility\"}]},{\"@type\":\"WebSite\",\"@id\":\"https:\/\/chateaudeau.toulouse.fr\/en\/#website\",\"url\":\"https:\/\/chateaudeau.toulouse.fr\/en\/\",\"name\":\"Le Ch\u00e2teau d&#039;Eau\",\"description\":\"\",\"publisher\":{\"@id\":\"https:\/\/chateaudeau.toulouse.fr\/en\/#organization\"},\"potentialAction\":[{\"@type\":\"SearchAction\",\"target\":{\"@type\":\"EntryPoint\",\"urlTemplate\":\"https:\/\/chateaudeau.toulouse.fr\/en\/search\/{search_term_string}\"},\"query-input\":{\"@type\":\"PropertyValueSpecification\",\"valueRequired\":true,\"valueName\":\"search_term_string\"}}],\"inLanguage\":\"en-US\"},{\"@type\":\"Organization\",\"@id\":\"https:\/\/chateaudeau.toulouse.fr\/en\/#organization\",\"name\":\"Galerie Le Ch\u00e2teau d'Eau\",\"url\":\"https:\/\/chateaudeau.toulouse.fr\/en\/\",\"logo\":{\"@type\":\"ImageObject\",\"inLanguage\":\"en-US\",\"@id\":\"https:\/\/chateaudeau.toulouse.fr\/en\/#\/schema\/logo\/image\/\",\"url\":\"https:\/\/chateaudeau.toulouse.fr\/wp-content\/uploads\/sites\/2\/2025\/08\/cropped-cropped-LeChateaudEauV2-300x53-1.png\",\"contentUrl\":\"https:\/\/chateaudeau.toulouse.fr\/wp-content\/uploads\/sites\/2\/2025\/08\/cropped-cropped-LeChateaudEauV2-300x53-1.png\",\"width\":300,\"height\":53,\"caption\":\"Galerie Le Ch\u00e2teau d'Eau\"},\"image\":{\"@id\":\"https:\/\/chateaudeau.toulouse.fr\/en\/#\/schema\/logo\/image\/\"},\"sameAs\":[\"https:\/\/www.facebook.com\/galerielechateaudeau\",\"https:\/\/www.instagram.com\/galerielechateaudeau\/?hl=fr\",\"https:\/\/www.youtube.com\/user\/Toulousefr\"]}]}<\/script>\n<!-- \/ Yoast SEO plugin. -->","yoast_head_json":{"title":"Accessibility - Le Ch\u00e2teau d&#039;Eau","description":"Find all useful information about accessibility to the spaces of the Galerie Le Ch\u00e2teau d'Eau and the services available.","robots":{"index":"index","follow":"follow","max-snippet":"max-snippet:-1","max-image-preview":"max-image-preview:large","max-video-preview":"max-video-preview:-1"},"canonical":"https:\/\/chateaudeau.toulouse.fr\/en\/accessibility\/","og_locale":"en_US","og_type":"article","og_title":"Accessibility - Le Ch\u00e2teau d&#039;Eau","og_description":"Find all useful information about accessibility to the spaces of the Galerie Le Ch\u00e2teau d'Eau and the services available.","og_url":"https:\/\/chateaudeau.toulouse.fr\/en\/accessibility\/","og_site_name":"Le Ch\u00e2teau d&#039;Eau","article_publisher":"https:\/\/www.facebook.com\/galerielechateaudeau","article_modified_time":"2022-11-02T16:11:29+00:00","og_image":[{"url":"https:\/\/chateaudeau.toulouse.fr\/wp-content\/uploads\/sites\/2\/2022\/07\/Presentation_entree_MZ3.jpg","type":"","width":"","height":""}],"twitter_card":"summary_large_image","twitter_misc":{"Est. reading time":"2 minutes"},"schema":{"@context":"https:\/\/schema.org","@graph":[{"@type":"WebPage","@id":"https:\/\/chateaudeau.toulouse.fr\/en\/accessibility\/","url":"https:\/\/chateaudeau.toulouse.fr\/en\/accessibility\/","name":"Accessibility - Le Ch\u00e2teau d&#039;Eau","isPartOf":{"@id":"https:\/\/chateaudeau.toulouse.fr\/en\/#website"},"primaryImageOfPage":{"@id":"https:\/\/chateaudeau.toulouse.fr\/en\/accessibility\/#primaryimage"},"image":{"@id":"https:\/\/chateaudeau.toulouse.fr\/en\/accessibility\/#primaryimage"},"thumbnailUrl":"https:\/\/chateaudeau.toulouse.fr\/wp-content\/uploads\/sites\/2\/2022\/07\/Presentation_entree_MZ3.jpg","datePublished":"2022-07-09T04:29:01+00:00","dateModified":"2022-11-02T16:11:29+00:00","description":"Find all useful information about accessibility to the spaces of the Galerie Le Ch\u00e2teau d'Eau and the services available.","breadcrumb":{"@id":"https:\/\/chateaudeau.toulouse.fr\/en\/accessibility\/#breadcrumb"},"inLanguage":"en-US","potentialAction":[{"@type":"ReadAction","target":["https:\/\/chateaudeau.toulouse.fr\/en\/accessibility\/"]}]},{"@type":"ImageObject","inLanguage":"en-US","@id":"https:\/\/chateaudeau.toulouse.fr\/en\/accessibility\/#primaryimage","url":"https:\/\/chateaudeau.toulouse.fr\/wp-content\/uploads\/sites\/2\/2022\/07\/Presentation_entree_MZ3.jpg","contentUrl":"https:\/\/chateaudeau.toulouse.fr\/wp-content\/uploads\/sites\/2\/2022\/07\/Presentation_entree_MZ3.jpg"},{"@type":"BreadcrumbList","@id":"https:\/\/chateaudeau.toulouse.fr\/en\/accessibility\/#breadcrumb","itemListElement":[{"@type":"ListItem","position":1,"name":"Accueil","item":"https:\/\/chateaudeau.toulouse.fr\/en\/"},{"@type":"ListItem","position":2,"name":"Accessibility"}]},{"@type":"WebSite","@id":"https:\/\/chateaudeau.toulouse.fr\/en\/#website","url":"https:\/\/chateaudeau.toulouse.fr\/en\/","name":"Le Ch\u00e2teau d&#039;Eau","description":"","publisher":{"@id":"https:\/\/chateaudeau.toulouse.fr\/en\/#organization"},"potentialAction":[{"@type":"SearchAction","target":{"@type":"EntryPoint","urlTemplate":"https:\/\/chateaudeau.toulouse.fr\/en\/search\/{search_term_string}"},"query-input":{"@type":"PropertyValueSpecification","valueRequired":true,"valueName":"search_term_string"}}],"inLanguage":"en-US"},{"@type":"Organization","@id":"https:\/\/chateaudeau.toulouse.fr\/en\/#organization","name":"Galerie Le Ch\u00e2teau d'Eau","url":"https:\/\/chateaudeau.toulouse.fr\/en\/","logo":{"@type":"ImageObject","inLanguage":"en-US","@id":"https:\/\/chateaudeau.toulouse.fr\/en\/#\/schema\/logo\/image\/","url":"https:\/\/chateaudeau.toulouse.fr\/wp-content\/uploads\/sites\/2\/2025\/08\/cropped-cropped-LeChateaudEauV2-300x53-1.png","contentUrl":"https:\/\/chateaudeau.toulouse.fr\/wp-content\/uploads\/sites\/2\/2025\/08\/cropped-cropped-LeChateaudEauV2-300x53-1.png","width":300,"height":53,"caption":"Galerie Le Ch\u00e2teau d'Eau"},"image":{"@id":"https:\/\/chateaudeau.toulouse.fr\/en\/#\/schema\/logo\/image\/"},"sameAs":["https:\/\/www.facebook.com\/galerielechateaudeau","https:\/\/www.instagram.com\/galerielechateaudeau\/?hl=fr","https:\/\/www.youtube.com\/user\/Toulousefr"]}]}},"_links":{"self":[{"href":"https:\/\/chateaudeau.toulouse.fr\/en\/wp-json\/wp\/v2\/pages\/5308","targetHints":{"allow":["GET"]}}],"collection":[{"href":"https:\/\/chateaudeau.toulouse.fr\/en\/wp-json\/wp\/v2\/pages"}],"about":[{"href":"https:\/\/chateaudeau.toulouse.fr\/en\/wp-json\/wp\/v2\/types\/page"}],"author":[{"embeddable":true,"href":"https:\/\/chateaudeau.toulouse.fr\/en\/wp-json\/wp\/v2\/users\/16"}],"replies":[{"embeddable":true,"href":"https:\/\/chateaudeau.toulouse.fr\/en\/wp-json\/wp\/v2\/comments?post=5308"}],"version-history":[{"count":1,"href":"https:\/\/chateaudeau.toulouse.fr\/en\/wp-json\/wp\/v2\/pages\/5308\/revisions"}],"predecessor-version":[{"id":5713,"href":"https:\/\/chateaudeau.toulouse.fr\/en\/wp-json\/wp\/v2\/pages\/5308\/revisions\/5713"}],"wp:attachment":[{"href":"https:\/\/chateaudeau.toulouse.fr\/en\/wp-json\/wp\/v2\/media?parent=5308"}],"curies":[{"name":"wp","href":"https:\/\/api.w.org\/{rel}","templated":true}]}}