{"id":5452,"date":"2022-07-07T13:48:48","date_gmt":"2022-07-07T11:48:48","guid":{"rendered":"https:\/\/chateaudeau.toulouse.fr\/the-photolibrary-of-the-chateau-deau\/"},"modified":"2024-12-18T20:27:18","modified_gmt":"2024-12-18T19:27:18","slug":"the-photolibrary-of-the-chateau-deau","status":"publish","type":"page","link":"https:\/\/chateaudeau.toulouse.fr\/en\/the-photolibrary-of-the-chateau-deau\/","title":{"rendered":"The photolibrary of the Ch\u00e2teau d\u2019Eau"},"content":{"rendered":"\n<div class=\"wp-block-media-text is-stacked-on-mobile has-black-color has-grey-light-background-color has-text-color has-background has-link-color wp-elements-1d156ce50f6890ab46189e9a71ad0793\" style=\"grid-template-columns:45% auto\"><figure class=\"wp-block-media-text__media\"><img loading=\"lazy\" decoding=\"async\" width=\"1024\" height=\"705\" src=\"https:\/\/chateaudeau.toulouse.fr\/wp-content\/uploads\/sites\/2\/2024\/12\/58_Bibliotheque-1024x705.avif\" alt=\"View of the library\" class=\"wp-image-13015 size-full\" srcset=\"https:\/\/chateaudeau.toulouse.fr\/wp-content\/uploads\/sites\/2\/2024\/12\/58_Bibliotheque-1024x705.avif 1024w, https:\/\/chateaudeau.toulouse.fr\/wp-content\/uploads\/sites\/2\/2024\/12\/58_Bibliotheque-300x206.avif 300w, https:\/\/chateaudeau.toulouse.fr\/wp-content\/uploads\/sites\/2\/2024\/12\/58_Bibliotheque-768x529.avif 768w, https:\/\/chateaudeau.toulouse.fr\/wp-content\/uploads\/sites\/2\/2024\/12\/58_Bibliotheque-414x285.avif 414w, https:\/\/chateaudeau.toulouse.fr\/wp-content\/uploads\/sites\/2\/2024\/12\/58_Bibliotheque.avif 1270w\" sizes=\"(max-width: 1024px) 100vw, 1024px\" \/><\/figure><div class=\"wp-block-media-text__content\">\n<h2 class=\"wp-block-heading has-text-align-left\" id=\"infos-pratiques\">Practical <strong>info<\/strong><\/h2>\n\n\n\n<p class=\"has-medium-font-size\">Founded in 1979, the library now offers <strong>16,000 books and some thirty magazines<\/strong> dedicated to photography. It is open to all, Tuesday to Saturday, 1pm to 6pm (free admission). <\/p>\n\n\n\n<ul class=\"is-style-nomargin wp-block-list\">\n<li class=\"has-medium-font-size\"><strong>During renovation work, <\/strong>on-site consultation will take place at 58 all\u00e9es Charles de Fitte (1st floor without elevator). For people with reduced mobility, please make an appointment. <\/li>\n\n\n\n<li class=\"has-medium-font-size\">During the 2024 <strong>Christmas vacations<\/strong>, the library is open <strong>by appointment only.<\/strong><\/li>\n<\/ul>\n<\/div><\/div>\n\n\n\n<p class=\"has-text-align-center has-red-color has-white-background-color has-text-color has-background has-link-color has-medium-font-size wp-elements-194f591edd326393b05b7a8f4f3e98a7\" style=\"text-transform:none\">Make an appointment, ask a question \u2192 <strong>+33 (0)5 34 24 52 32<\/strong><\/p>\n\n\n<section class=\"section-group section-bg-grey-light wp-elements-4185729be614a796a7eb03ec7bea3edc\"><div class=\"container\"><div class=\"pure-g\">\n<div class=\"wp-block-group has-black-color has-grey-light-background-color has-text-color has-background has-link-color wp-elements-4185729be614a796a7eb03ec7bea3edc is-layout-constrained wp-block-group-is-layout-constrained\">\n<div class=\"wp-block-media-text has-media-on-the-right is-stacked-on-mobile\" style=\"grid-template-columns:auto 35%\"><div class=\"wp-block-media-text__content\">\n<h2 class=\"wp-block-heading\" id=\"decouvrez-les-magazines-et-revues\"><strong>New <\/strong>this month<\/h2>\n\n\n\n<p>See the latest books with a focus on<strong> islands<\/strong><br>echoing <a href=\"https:\/\/chateaudeau.toulouse.fr\/richard-pak-la-firme\/\">Richard Pak&#8217;s exhibition, <em>The firm<\/em><\/a><\/p>\n\n\n\n<div class=\"wp-block-buttons is-layout-flex wp-block-buttons-is-layout-flex\">\n<div class=\"wp-block-button is-style-white\"><a class=\"wp-block-button__link   wp-element-button\" href=\"https:\/\/chateaudeau.toulouse.fr\/novembre-decembre-a-la-bibliotheque\/\">view new books<br><\/a><\/div>\n<\/div>\n<\/div><figure class=\"wp-block-media-text__media\"><img loading=\"lazy\" decoding=\"async\" width=\"543\" height=\"455\" src=\"https:\/\/chateaudeau.toulouse.fr\/wp-content\/uploads\/sites\/2\/2024\/10\/nouveautes-automne-2024.jpg\" alt=\"\" class=\"wp-image-11824 size-full\" srcset=\"https:\/\/chateaudeau.toulouse.fr\/wp-content\/uploads\/sites\/2\/2024\/10\/nouveautes-automne-2024.jpg 543w, https:\/\/chateaudeau.toulouse.fr\/wp-content\/uploads\/sites\/2\/2024\/10\/nouveautes-automne-2024-300x251.jpg 300w, https:\/\/chateaudeau.toulouse.fr\/wp-content\/uploads\/sites\/2\/2024\/10\/nouveautes-automne-2024-414x347.jpg 414w\" sizes=\"(max-width: 543px) 100vw, 543px\" \/><\/figure><\/div>\n<\/div>\n<\/div><\/div><\/section>\n\n\n\n<section class=\"section-group\"><div class=\"container\"><div class=\"pure-g\">\n<div class=\"wp-block-group is-layout-constrained wp-block-group-is-layout-constrained\">\n<div class=\"wp-block-media-text is-stacked-on-mobile has-black-background-color has-background\"><figure class=\"wp-block-media-text__media\"><img loading=\"lazy\" decoding=\"async\" width=\"637\" height=\"363\" src=\"https:\/\/chateaudeau.toulouse.fr\/wp-content\/uploads\/sites\/2\/2024\/11\/Test_PaysageEditorial-3.jpg\" alt=\"\" class=\"wp-image-12464 size-full\" srcset=\"https:\/\/chateaudeau.toulouse.fr\/wp-content\/uploads\/sites\/2\/2024\/11\/Test_PaysageEditorial-3.jpg 637w, https:\/\/chateaudeau.toulouse.fr\/wp-content\/uploads\/sites\/2\/2024\/11\/Test_PaysageEditorial-3-300x171.jpg 300w, https:\/\/chateaudeau.toulouse.fr\/wp-content\/uploads\/sites\/2\/2024\/11\/Test_PaysageEditorial-3-414x236.jpg 414w\" sizes=\"(max-width: 637px) 100vw, 637px\" \/><\/figure><div class=\"wp-block-media-text__content\">\n<h2 class=\"wp-block-heading has-grey-light-color has-text-color has-link-color wp-elements-1b6bede3c716d330353c02fd54eca8aa\" id=\"decouvrez-les-magazines-et-revues\">Discover<strong> publishing houses<\/strong> for photo books.<\/h2>\n\n\n\n<div class=\"wp-block-buttons is-layout-flex wp-block-buttons-is-layout-flex\">\n<div class=\"wp-block-button is-style-white\"><a class=\"wp-block-button__link   wp-element-button\" href=\"https:\/\/chateaudeau.toulouse.fr\/livres-photo-1-le-paysage-editorial-en-france\/\">In France<\/a><\/div>\n\n\n\n<div class=\"wp-block-button is-style-white\"><a class=\"wp-block-button__link   wp-element-button\" href=\"https:\/\/chateaudeau.toulouse.fr\/livres-photo-2-le-paysage-editorial-international\/\">Internationally<\/a><\/div>\n<\/div>\n<\/div><\/div>\n<\/div>\n<\/div><\/div><\/section>\n\n\n<p class=\"has-text-align-center has-red-color has-white-background-color has-text-color has-background has-link-color has-medium-font-size wp-elements-4c6710eb7679829c4aba5abcc208e5d3\">Find all our book selections on that page, <a href=\"https:\/\/chateaudeau.toulouse.fr\/category\/bibliotheque\/\">Read, See, Share.<\/a><\/p>\n\n\n<section class=\"section-group section-bg-grey-light\"><div class=\"container\"><div class=\"pure-g\">\n<div class=\"wp-block-group has-grey-light-background-color has-background is-layout-constrained wp-block-group-is-layout-constrained\">\n<div class=\"wp-block-media-text is-stacked-on-mobile\" style=\"grid-template-columns:30% auto\"><figure class=\"wp-block-media-text__media\" role=\"group\" aria-label=\"\u00a9 P\u00e9riodiques \u00e0 la biblioth\u00e8que \/ D.R.\" \"><img loading=\"lazy\" decoding=\"async\" width=\"1024\" height=\"767\" src=\"https:\/\/chateaudeau.toulouse.fr\/wp-content\/uploads\/sites\/2\/2022\/09\/Revues_PT3-1024x767.jpg\" alt=\"View of magazines and journals available for consultation in the library\" class=\"wp-image-4590 size-full\" srcset=\"https:\/\/chateaudeau.toulouse.fr\/wp-content\/uploads\/sites\/2\/2022\/09\/Revues_PT3-1024x767.jpg 1024w, https:\/\/chateaudeau.toulouse.fr\/wp-content\/uploads\/sites\/2\/2022\/09\/Revues_PT3-300x225.jpg 300w, https:\/\/chateaudeau.toulouse.fr\/wp-content\/uploads\/sites\/2\/2022\/09\/Revues_PT3-768x575.jpg 768w, https:\/\/chateaudeau.toulouse.fr\/wp-content\/uploads\/sites\/2\/2022\/09\/Revues_PT3-414x310.jpg 414w, https:\/\/chateaudeau.toulouse.fr\/wp-content\/uploads\/sites\/2\/2022\/09\/Revues_PT3.jpg 1396w\" sizes=\"(max-width: 1024px) 100vw, 1024px\" \/><figcaption>\u00a9 P\u00e9riodiques \u00e0 la biblioth\u00e8que \/ D.R.<\/figcaption><\/figure><div class=\"wp-block-media-text__content\">\n<h2 class=\"wp-block-heading\" id=\"decouvrez-les-magazines-et-revues\"><strong>Magazines<\/strong> and photo journals.<\/h2>\n\n\n\n<p>The library offers a wide range of subscriptions to French and international magazines and journals.<\/p>\n\n\n\n<div class=\"wp-block-buttons is-layout-flex wp-block-buttons-is-layout-flex\">\n<div class=\"wp-block-button is-style-white\"><a class=\"wp-block-button__link   wp-element-button\" href=\"https:\/\/chateaudeau.toulouse.fr\/revues-photo\/\">View subscriptions<br><\/a><\/div>\n<\/div>\n<\/div><\/div>\n<\/div>\n<\/div><\/div><\/section>\n\n<section class=\"section-group\"><div class=\"container\"><div class=\"pure-g\">\n<div class=\"wp-block-group is-layout-constrained wp-block-group-is-layout-constrained\">\n<h2 class=\"wp-block-heading has-text-align-center\" id=\"je-demande-a-la-bibliotheque\"><strong>Ask a<\/strong> librarian<\/h2>\n\n\n\n<hr class=\"wp-block-separator has-text-color has-red-color has-alpha-channel-opacity has-red-background-color has-background is-style-wide\"\/>\n\n\n\n<div class=\"wpcf7 no-js\" id=\"wpcf7-f3899-o1\" lang=\"fr-FR\" dir=\"ltr\" data-wpcf7-id=\"3899\">\n<div class=\"screen-reader-response\"><p role=\"status\" aria-live=\"polite\" aria-atomic=\"true\"><\/p> <ul><\/ul><\/div>\n<form action=\"\/en\/wp-json\/wp\/v2\/pages\/5452#wpcf7-f3899-o1\" method=\"post\" class=\"wpcf7-form init\" aria-label=\"Contact form\" novalidate=\"novalidate\" data-status=\"init\">\n<fieldset class=\"hidden-fields-container\"><input type=\"hidden\" name=\"_wpcf7\" value=\"3899\" \/><input type=\"hidden\" name=\"_wpcf7_version\" value=\"6.1.5\" \/><input type=\"hidden\" name=\"_wpcf7_locale\" value=\"fr_FR\" \/><input type=\"hidden\" name=\"_wpcf7_unit_tag\" value=\"wpcf7-f3899-o1\" \/><input type=\"hidden\" name=\"_wpcf7_container_post\" value=\"0\" \/><input type=\"hidden\" name=\"_wpcf7_posted_data_hash\" value=\"\" \/><input type=\"hidden\" name=\"_wpcf7_recaptcha_response\" value=\"\" \/>\n<\/fieldset>\n<input class=\"wpcf7-form-control wpcf7-hidden\" value=\"block_290f302934ba01bac4c6a267b2f3ff1e\" type=\"hidden\" name=\"block_id\" \/>\n<input class=\"wpcf7-form-control wpcf7-hidden\" value=\"5452\" type=\"hidden\" name=\"page_id\" \/>\n<input class=\"wpcf7-form-control wpcf7-hidden\" value=\"bibliophoto@mairie-toulouse.fr\" type=\"hidden\" name=\"dest\" \/>\n\n<div>\n<p class=\"form-group form-group--full mandatory\"><span class=\"mandatory\">*<\/span> Les champs marqu\u00e9s d&#8217;un ast\u00e9risque sont obligatoires.<\/p>\n<p class=\"form-group form-group--full\"><em>Ne saisissez aucune information personnelle dans ce formulaire qui ne soit pas utile au traitement de votre demande.<\/em><\/p>\n<\/div>\n\n<div class=\"form-group\">\n    <label for=\"email-form3899-1\"><span class=\"mandatory\">*<\/span>Courriel <small>Exemple : jean@martin.fr<\/small><\/label><span class=\"wpcf7-form-control-wrap\" data-name=\"email\"><input size=\"40\" maxlength=\"400\" class=\"wpcf7-form-control wpcf7-email wpcf7-validates-as-required wpcf7-text wpcf7-validates-as-email\" id=\"email-contact-form3899-1\" aria-required=\"true\" aria-invalid=\"false\" placeholder=\"Exemple : jean@martin.fr\" value=\"\" type=\"email\" name=\"email\" \/><\/span>\n<\/div>\n\n<div class=\"form-group\">\n    <label for=\"occupation-form3899-1\">Je suis<\/label><span class=\"wpcf7-form-control-wrap\" data-name=\"occupation\"><select class=\"wpcf7-form-control wpcf7-select\" id=\"occupation-form3899-1\" aria-invalid=\"false\" name=\"occupation\"><option value=\"\u00c9tudiant\">\u00c9tudiant<\/option><option value=\"Professionnel\">Professionnel<\/option><option value=\"Photographe\">Photographe<\/option><option value=\"Curieux\">Curieux<\/option><\/select><\/span>\n<\/div>\n\n<div class=\"form-group form-group--full\">\n    <label for=\"message-form3899-1\"><span class=\"mandatory\">*<\/span> Posez votre question<\/label><span class=\"wpcf7-form-control-wrap\" data-name=\"message\"><textarea cols=\"40\" rows=\"10\" maxlength=\"2000\" class=\"wpcf7-form-control wpcf7-textarea wpcf7-validates-as-required\" id=\"message-form3899-1\" aria-required=\"true\" aria-invalid=\"false\" name=\"message\"><\/textarea><\/span>\n<\/div>\n\n<p>Service gratuit de questions documentaires sur la photographie. Nous vous r\u00e9pondrons dans les 72h ouvrables. Nous ne r\u00e9alisons pas d&#8217;expertise juridique ni de travaux scolaires ou universitaires.<\/p>\n<div class=\"form-group form-group--full\">\n    <span class=\"wpcf7-form-control-wrap\" data-name=\"consent\"><span class=\"wpcf7-form-control wpcf7-acceptance\"><span class=\"wpcf7-list-item\"><label><input type=\"checkbox\" name=\"consent\" value=\"1\" aria-invalid=\"false\" \/><span class=\"wpcf7-list-item-label\">En cochant cette case je consens \u00e0 ce que mes donn\u00e9es soient trait\u00e9es par le Ch\u00e2teau d\u2019Eau de Toulouse. Je suis inform\u00e9(e) du retrait possible de mon consentement \u00e0 tout moment, en le demandant \u00e0 lagalerieduchateaudeau@email.com *<\/span><\/label><\/span><\/span><\/span>\n<\/div>\n\n<div class=\"form-group form-group--full\">\n    <span class=\"wpcf7-form-control-wrap\" data-name=\"consent\"><span class=\"wpcf7-form-control wpcf7-acceptance\"><span class=\"wpcf7-list-item\"><label><input type=\"checkbox\" name=\"consent\" value=\"1\" aria-invalid=\"false\" \/><span class=\"wpcf7-list-item-label\">En cochant cette case, j&#8217;atteste avoir 16 ans ou plus.*<\/span><\/label><\/span><\/span><\/span>\n<\/div>\n\n<p>Ce formulaire est un traitement de donn\u00e9es personnelles g\u00e9r\u00e9 par le Ch\u00e2teau d\u2019Eau de Toulouse. Les informations recueillies \u00e0 partir de ce formulaire sont transmises au service gestionnaire de votre demande. Vous pouvez acc\u00e9der aux donn\u00e9es vous concernant, vous opposer \u00e0 leur traitement, les faire rectifier ou les faire effacer en contactant galerielechateaudeau@mairie-toulouse.fr<\/p>\n\n<div class=\"call\">\n    <input class=\"wpcf7-form-control wpcf7-submit has-spinner btn btn--gold\" type=\"submit\" value=\"Envoyer\" \/>\n<\/div><div class=\"wpcf7-response-output\" aria-hidden=\"true\"><\/div>\n<\/form>\n<\/div>\n<\/div>\n<\/div><\/div><\/section>","protected":false},"excerpt":{"rendered":"<p>Make an appointment, ask a question \u2192 +33 (0)5 34 24 52 32 New this month See the latest books with a focus on islandsechoing Richard Pak&#8217;s exhibition, The firm Discover publishing houses for photo&hellip;<\/p>\n","protected":false},"author":1,"featured_media":0,"parent":0,"menu_order":0,"comment_status":"closed","ping_status":"closed","template":"","meta":{"_acf_changed":false,"footnotes":""},"class_list":["post-5452","page","type-page","status-publish","hentry"],"acf":[],"yoast_head":"<!-- This site is optimized with the Yoast SEO plugin v27.0 - https:\/\/yoast.com\/product\/yoast-seo-wordpress\/ -->\n<title>The photolibrary of the Ch\u00e2teau d\u2019Eau - Le Ch\u00e2teau d&#039;Eau<\/title>\n<meta name=\"robots\" content=\"index, follow, max-snippet:-1, max-image-preview:large, max-video-preview:-1\" \/>\n<link rel=\"canonical\" href=\"https:\/\/chateaudeau.toulouse.fr\/en\/the-photolibrary-of-the-chateau-deau\/\" \/>\n<meta property=\"og:locale\" content=\"en_US\" \/>\n<meta property=\"og:type\" content=\"article\" \/>\n<meta property=\"og:title\" content=\"The photolibrary of the Ch\u00e2teau d\u2019Eau - Le Ch\u00e2teau d&#039;Eau\" \/>\n<meta property=\"og:description\" content=\"Make an appointment, ask a question \u2192 +33 (0)5 34 24 52 32 New this month See the latest books with a focus on islandsechoing Richard Pak&#8217;s exhibition, The firm Discover publishing houses for photo&hellip;\" \/>\n<meta property=\"og:url\" content=\"https:\/\/chateaudeau.toulouse.fr\/en\/the-photolibrary-of-the-chateau-deau\/\" \/>\n<meta property=\"og:site_name\" content=\"Le Ch\u00e2teau d&#039;Eau\" \/>\n<meta property=\"article:publisher\" content=\"https:\/\/www.facebook.com\/galerielechateaudeau\" \/>\n<meta property=\"article:modified_time\" content=\"2024-12-18T19:27:18+00:00\" \/>\n<meta property=\"og:image\" content=\"https:\/\/chateaudeau.toulouse.fr\/wp-content\/uploads\/sites\/2\/2024\/12\/58_Bibliotheque-1024x705.avif\" \/>\n<meta name=\"twitter:card\" content=\"summary_large_image\" \/>\n<meta name=\"twitter:label1\" content=\"Est. reading time\" \/>\n\t<meta name=\"twitter:data1\" content=\"2 minutes\" \/>\n<script type=\"application\/ld+json\" class=\"yoast-schema-graph\">{\"@context\":\"https:\/\/schema.org\",\"@graph\":[{\"@type\":\"WebPage\",\"@id\":\"https:\/\/chateaudeau.toulouse.fr\/en\/the-photolibrary-of-the-chateau-deau\/\",\"url\":\"https:\/\/chateaudeau.toulouse.fr\/en\/the-photolibrary-of-the-chateau-deau\/\",\"name\":\"The photolibrary of the Ch\u00e2teau d\u2019Eau - Le Ch\u00e2teau d&#039;Eau\",\"isPartOf\":{\"@id\":\"https:\/\/chateaudeau.toulouse.fr\/en\/#website\"},\"primaryImageOfPage\":{\"@id\":\"https:\/\/chateaudeau.toulouse.fr\/en\/the-photolibrary-of-the-chateau-deau\/#primaryimage\"},\"image\":{\"@id\":\"https:\/\/chateaudeau.toulouse.fr\/en\/the-photolibrary-of-the-chateau-deau\/#primaryimage\"},\"thumbnailUrl\":\"https:\/\/chateaudeau.toulouse.fr\/wp-content\/uploads\/sites\/2\/2024\/12\/58_Bibliotheque-1024x705.avif\",\"datePublished\":\"2022-07-07T11:48:48+00:00\",\"dateModified\":\"2024-12-18T19:27:18+00:00\",\"breadcrumb\":{\"@id\":\"https:\/\/chateaudeau.toulouse.fr\/en\/the-photolibrary-of-the-chateau-deau\/#breadcrumb\"},\"inLanguage\":\"en-US\",\"potentialAction\":[{\"@type\":\"ReadAction\",\"target\":[\"https:\/\/chateaudeau.toulouse.fr\/en\/the-photolibrary-of-the-chateau-deau\/\"]}]},{\"@type\":\"ImageObject\",\"inLanguage\":\"en-US\",\"@id\":\"https:\/\/chateaudeau.toulouse.fr\/en\/the-photolibrary-of-the-chateau-deau\/#primaryimage\",\"url\":\"https:\/\/chateaudeau.toulouse.fr\/wp-content\/uploads\/sites\/2\/2024\/12\/58_Bibliotheque-1024x705.avif\",\"contentUrl\":\"https:\/\/chateaudeau.toulouse.fr\/wp-content\/uploads\/sites\/2\/2024\/12\/58_Bibliotheque-1024x705.avif\"},{\"@type\":\"BreadcrumbList\",\"@id\":\"https:\/\/chateaudeau.toulouse.fr\/en\/the-photolibrary-of-the-chateau-deau\/#breadcrumb\",\"itemListElement\":[{\"@type\":\"ListItem\",\"position\":1,\"name\":\"Accueil\",\"item\":\"https:\/\/chateaudeau.toulouse.fr\/en\/\"},{\"@type\":\"ListItem\",\"position\":2,\"name\":\"The photolibrary of the Ch\u00e2teau d\u2019Eau\"}]},{\"@type\":\"WebSite\",\"@id\":\"https:\/\/chateaudeau.toulouse.fr\/en\/#website\",\"url\":\"https:\/\/chateaudeau.toulouse.fr\/en\/\",\"name\":\"Le Ch\u00e2teau d&#039;Eau\",\"description\":\"\",\"publisher\":{\"@id\":\"https:\/\/chateaudeau.toulouse.fr\/en\/#organization\"},\"potentialAction\":[{\"@type\":\"SearchAction\",\"target\":{\"@type\":\"EntryPoint\",\"urlTemplate\":\"https:\/\/chateaudeau.toulouse.fr\/en\/search\/{search_term_string}\"},\"query-input\":{\"@type\":\"PropertyValueSpecification\",\"valueRequired\":true,\"valueName\":\"search_term_string\"}}],\"inLanguage\":\"en-US\"},{\"@type\":\"Organization\",\"@id\":\"https:\/\/chateaudeau.toulouse.fr\/en\/#organization\",\"name\":\"Galerie Le Ch\u00e2teau d'Eau\",\"url\":\"https:\/\/chateaudeau.toulouse.fr\/en\/\",\"logo\":{\"@type\":\"ImageObject\",\"inLanguage\":\"en-US\",\"@id\":\"https:\/\/chateaudeau.toulouse.fr\/en\/#\/schema\/logo\/image\/\",\"url\":\"https:\/\/chateaudeau.toulouse.fr\/wp-content\/uploads\/sites\/2\/2025\/08\/cropped-cropped-LeChateaudEauV2-300x53-1.png\",\"contentUrl\":\"https:\/\/chateaudeau.toulouse.fr\/wp-content\/uploads\/sites\/2\/2025\/08\/cropped-cropped-LeChateaudEauV2-300x53-1.png\",\"width\":300,\"height\":53,\"caption\":\"Galerie Le Ch\u00e2teau d'Eau\"},\"image\":{\"@id\":\"https:\/\/chateaudeau.toulouse.fr\/en\/#\/schema\/logo\/image\/\"},\"sameAs\":[\"https:\/\/www.facebook.com\/galerielechateaudeau\",\"https:\/\/www.instagram.com\/galerielechateaudeau\/?hl=fr\",\"https:\/\/www.youtube.com\/user\/Toulousefr\"]}]}<\/script>\n<!-- \/ Yoast SEO plugin. -->","yoast_head_json":{"title":"The photolibrary of the Ch\u00e2teau d\u2019Eau - Le Ch\u00e2teau d&#039;Eau","robots":{"index":"index","follow":"follow","max-snippet":"max-snippet:-1","max-image-preview":"max-image-preview:large","max-video-preview":"max-video-preview:-1"},"canonical":"https:\/\/chateaudeau.toulouse.fr\/en\/the-photolibrary-of-the-chateau-deau\/","og_locale":"en_US","og_type":"article","og_title":"The photolibrary of the Ch\u00e2teau d\u2019Eau - Le Ch\u00e2teau d&#039;Eau","og_description":"Make an appointment, ask a question \u2192 +33 (0)5 34 24 52 32 New this month See the latest books with a focus on islandsechoing Richard Pak&#8217;s exhibition, The firm Discover publishing houses for photo&hellip;","og_url":"https:\/\/chateaudeau.toulouse.fr\/en\/the-photolibrary-of-the-chateau-deau\/","og_site_name":"Le Ch\u00e2teau d&#039;Eau","article_publisher":"https:\/\/www.facebook.com\/galerielechateaudeau","article_modified_time":"2024-12-18T19:27:18+00:00","og_image":[{"url":"https:\/\/chateaudeau.toulouse.fr\/wp-content\/uploads\/sites\/2\/2024\/12\/58_Bibliotheque-1024x705.avif","type":"","width":"","height":""}],"twitter_card":"summary_large_image","twitter_misc":{"Est. reading time":"2 minutes"},"schema":{"@context":"https:\/\/schema.org","@graph":[{"@type":"WebPage","@id":"https:\/\/chateaudeau.toulouse.fr\/en\/the-photolibrary-of-the-chateau-deau\/","url":"https:\/\/chateaudeau.toulouse.fr\/en\/the-photolibrary-of-the-chateau-deau\/","name":"The photolibrary of the Ch\u00e2teau d\u2019Eau - Le Ch\u00e2teau d&#039;Eau","isPartOf":{"@id":"https:\/\/chateaudeau.toulouse.fr\/en\/#website"},"primaryImageOfPage":{"@id":"https:\/\/chateaudeau.toulouse.fr\/en\/the-photolibrary-of-the-chateau-deau\/#primaryimage"},"image":{"@id":"https:\/\/chateaudeau.toulouse.fr\/en\/the-photolibrary-of-the-chateau-deau\/#primaryimage"},"thumbnailUrl":"https:\/\/chateaudeau.toulouse.fr\/wp-content\/uploads\/sites\/2\/2024\/12\/58_Bibliotheque-1024x705.avif","datePublished":"2022-07-07T11:48:48+00:00","dateModified":"2024-12-18T19:27:18+00:00","breadcrumb":{"@id":"https:\/\/chateaudeau.toulouse.fr\/en\/the-photolibrary-of-the-chateau-deau\/#breadcrumb"},"inLanguage":"en-US","potentialAction":[{"@type":"ReadAction","target":["https:\/\/chateaudeau.toulouse.fr\/en\/the-photolibrary-of-the-chateau-deau\/"]}]},{"@type":"ImageObject","inLanguage":"en-US","@id":"https:\/\/chateaudeau.toulouse.fr\/en\/the-photolibrary-of-the-chateau-deau\/#primaryimage","url":"https:\/\/chateaudeau.toulouse.fr\/wp-content\/uploads\/sites\/2\/2024\/12\/58_Bibliotheque-1024x705.avif","contentUrl":"https:\/\/chateaudeau.toulouse.fr\/wp-content\/uploads\/sites\/2\/2024\/12\/58_Bibliotheque-1024x705.avif"},{"@type":"BreadcrumbList","@id":"https:\/\/chateaudeau.toulouse.fr\/en\/the-photolibrary-of-the-chateau-deau\/#breadcrumb","itemListElement":[{"@type":"ListItem","position":1,"name":"Accueil","item":"https:\/\/chateaudeau.toulouse.fr\/en\/"},{"@type":"ListItem","position":2,"name":"The photolibrary of the Ch\u00e2teau d\u2019Eau"}]},{"@type":"WebSite","@id":"https:\/\/chateaudeau.toulouse.fr\/en\/#website","url":"https:\/\/chateaudeau.toulouse.fr\/en\/","name":"Le Ch\u00e2teau d&#039;Eau","description":"","publisher":{"@id":"https:\/\/chateaudeau.toulouse.fr\/en\/#organization"},"potentialAction":[{"@type":"SearchAction","target":{"@type":"EntryPoint","urlTemplate":"https:\/\/chateaudeau.toulouse.fr\/en\/search\/{search_term_string}"},"query-input":{"@type":"PropertyValueSpecification","valueRequired":true,"valueName":"search_term_string"}}],"inLanguage":"en-US"},{"@type":"Organization","@id":"https:\/\/chateaudeau.toulouse.fr\/en\/#organization","name":"Galerie Le Ch\u00e2teau d'Eau","url":"https:\/\/chateaudeau.toulouse.fr\/en\/","logo":{"@type":"ImageObject","inLanguage":"en-US","@id":"https:\/\/chateaudeau.toulouse.fr\/en\/#\/schema\/logo\/image\/","url":"https:\/\/chateaudeau.toulouse.fr\/wp-content\/uploads\/sites\/2\/2025\/08\/cropped-cropped-LeChateaudEauV2-300x53-1.png","contentUrl":"https:\/\/chateaudeau.toulouse.fr\/wp-content\/uploads\/sites\/2\/2025\/08\/cropped-cropped-LeChateaudEauV2-300x53-1.png","width":300,"height":53,"caption":"Galerie Le Ch\u00e2teau d'Eau"},"image":{"@id":"https:\/\/chateaudeau.toulouse.fr\/en\/#\/schema\/logo\/image\/"},"sameAs":["https:\/\/www.facebook.com\/galerielechateaudeau","https:\/\/www.instagram.com\/galerielechateaudeau\/?hl=fr","https:\/\/www.youtube.com\/user\/Toulousefr"]}]}},"_links":{"self":[{"href":"https:\/\/chateaudeau.toulouse.fr\/en\/wp-json\/wp\/v2\/pages\/5452","targetHints":{"allow":["GET"]}}],"collection":[{"href":"https:\/\/chateaudeau.toulouse.fr\/en\/wp-json\/wp\/v2\/pages"}],"about":[{"href":"https:\/\/chateaudeau.toulouse.fr\/en\/wp-json\/wp\/v2\/types\/page"}],"author":[{"embeddable":true,"href":"https:\/\/chateaudeau.toulouse.fr\/en\/wp-json\/wp\/v2\/users\/1"}],"replies":[{"embeddable":true,"href":"https:\/\/chateaudeau.toulouse.fr\/en\/wp-json\/wp\/v2\/comments?post=5452"}],"version-history":[{"count":18,"href":"https:\/\/chateaudeau.toulouse.fr\/en\/wp-json\/wp\/v2\/pages\/5452\/revisions"}],"predecessor-version":[{"id":13268,"href":"https:\/\/chateaudeau.toulouse.fr\/en\/wp-json\/wp\/v2\/pages\/5452\/revisions\/13268"}],"wp:attachment":[{"href":"https:\/\/chateaudeau.toulouse.fr\/en\/wp-json\/wp\/v2\/media?parent=5452"}],"curies":[{"name":"wp","href":"https:\/\/api.w.org\/{rel}","templated":true}]}}