{"id":5475,"date":"2022-07-09T06:31:50","date_gmt":"2022-07-09T04:31:50","guid":{"rendered":"https:\/\/chateaudeau.toulouse.fr\/art-and-cultural-education\/"},"modified":"2022-07-09T06:31:50","modified_gmt":"2022-07-09T04:31:50","slug":"art-and-cultural-education","status":"publish","type":"page","link":"https:\/\/chateaudeau.toulouse.fr\/en\/art-and-cultural-education\/","title":{"rendered":"Art and cultural education"},"content":{"rendered":"\n<div class=\"wp-block-media-text alignwide is-stacked-on-mobile\"><figure class=\"wp-block-media-text__media\" role=\"group\" aria-label=\"\u00a9 Vue de l'exposition \"Des oiseaux, Penti Sammallahti \u2500 F. Boucinha\" \"><img loading=\"lazy\" decoding=\"async\" width=\"1400\" height=\"1050\" src=\"https:\/\/chateaudeau.toulouse.fr\/wp-content\/uploads\/sites\/2\/2022\/07\/Presentation_Tour_FB.jpg\" alt=\"\" class=\"wp-image-2749 size-full\" srcset=\"https:\/\/chateaudeau.toulouse.fr\/wp-content\/uploads\/sites\/2\/2022\/07\/Presentation_Tour_FB.jpg 1400w, https:\/\/chateaudeau.toulouse.fr\/wp-content\/uploads\/sites\/2\/2022\/07\/Presentation_Tour_FB-810x608.jpg 810w, https:\/\/chateaudeau.toulouse.fr\/wp-content\/uploads\/sites\/2\/2022\/07\/Presentation_Tour_FB-768x576.jpg 768w, https:\/\/chateaudeau.toulouse.fr\/wp-content\/uploads\/sites\/2\/2022\/07\/Presentation_Tour_FB-414x311.jpg 414w\" sizes=\"(max-width: 1400px) 100vw, 1400px\" \/><figcaption>\u00a9 Vue de l&#8217;exposition &#8220;Des oiseaux, Penti Sammallahti \u2500 F. Boucinha<\/figcaption><\/figure><div class=\"wp-block-media-text__content\">\n<div style=\"height:20px\" aria-hidden=\"true\" class=\"wp-block-spacer\"><\/div>\n\n\n\n<h2 class=\"has-grey-dark-color has-text-color wp-block-heading\">Learn about <strong>photography<\/strong><\/h2>\n\n\n\n<p class=\"has-medium-font-size\">Since its foundation in 1974, image education has been an axis of the artistic project. Through the temporary exhibitions and the collections, the gallery contributes :<\/p>\n\n\n\n<ul class=\"wp-block-list\" style=\"font-size:15px\"><li>to the meeting with the artworks and the artists <\/li><li> to reinforce the knowledge of art history<\/li><li>to facilitate the access to the photographic practice.<\/li><\/ul>\n\n\n\n<p class=\"has-medium-font-size\">This commitment translates into proposals adapted to our programming and\/or built with the educational actors.<\/p>\n<\/div><\/div>\n\n\n\n<div class=\"wp-block-media-text alignwide has-media-on-the-right is-stacked-on-mobile is-image-fill has-white-background-color has-background\"><figure class=\"wp-block-media-text__media\" style=\"background-image:url(https:\/\/chateaudeau.toulouse.fr\/wp-content\/uploads\/sites\/2\/2022\/07\/test2.jpg);background-position:44% 23%\"><img loading=\"lazy\" decoding=\"async\" width=\"753\" height=\"512\" src=\"https:\/\/chateaudeau.toulouse.fr\/wp-content\/uploads\/sites\/2\/2022\/07\/test2.jpg\" alt=\"\" class=\"wp-image-2807 size-full\" srcset=\"https:\/\/chateaudeau.toulouse.fr\/wp-content\/uploads\/sites\/2\/2022\/07\/test2.jpg 753w, https:\/\/chateaudeau.toulouse.fr\/wp-content\/uploads\/sites\/2\/2022\/07\/test2-414x281.jpg 414w\" sizes=\"(max-width: 753px) 100vw, 753px\" \/><\/figure><div class=\"wp-block-media-text__content\">\n<p class=\"has-text-align-center arrow-link has-grey-dark-color has-text-color has-medium-font-size\">Prepare your visit by downloading the <a href=\"\/le-kiosque\/\">exhibition booklet<\/a><\/p>\n<\/div><\/div>\n\n\n\n<div class=\"wp-block-media-text alignwide has-media-on-the-right is-stacked-on-mobile has-red-background-color has-background\"><figure class=\"wp-block-media-text__media\" role=\"group\" aria-label=\"\u00a9 Atelier \u00e0 la biblioth\u00e8que \/ D.R.\" \"><img loading=\"lazy\" decoding=\"async\" width=\"1395\" height=\"1047\" src=\"https:\/\/chateaudeau.toulouse.fr\/wp-content\/uploads\/sites\/2\/2022\/07\/Presentation_Biblio_Anim_PT-1.jpg\" alt=\"\" class=\"wp-image-2735 size-full\" srcset=\"https:\/\/chateaudeau.toulouse.fr\/wp-content\/uploads\/sites\/2\/2022\/07\/Presentation_Biblio_Anim_PT-1.jpg 1395w, https:\/\/chateaudeau.toulouse.fr\/wp-content\/uploads\/sites\/2\/2022\/07\/Presentation_Biblio_Anim_PT-1-810x608.jpg 810w, https:\/\/chateaudeau.toulouse.fr\/wp-content\/uploads\/sites\/2\/2022\/07\/Presentation_Biblio_Anim_PT-1-768x576.jpg 768w, https:\/\/chateaudeau.toulouse.fr\/wp-content\/uploads\/sites\/2\/2022\/07\/Presentation_Biblio_Anim_PT-1-414x311.jpg 414w\" sizes=\"(max-width: 1395px) 100vw, 1395px\" \/><figcaption>\u00a9 Atelier \u00e0 la biblioth\u00e8que \/ D.R.<\/figcaption><\/figure><div class=\"wp-block-media-text__content\">\n<div style=\"height:20px\" aria-hidden=\"true\" class=\"wp-block-spacer\"><\/div>\n\n\n\n<h2 class=\"has-text-align-left has-white-color has-text-color wp-block-heading\"> Around the <strong>exhibitions<\/strong><\/h2>\n\n\n\n<ul class=\"has-white-color has-text-color wp-block-list\" style=\"font-size:15px\"><li>Guided visits <strong>for groups<\/strong><\/li><li><strong>storytelling visits<\/strong> for schools<\/li><li><strong>meeting with the artists <\/strong>presented at the gallery<\/li><li>history of photography lectures<\/li><li>self-study resources in the library<\/li><\/ul>\n\n\n\n<p class=\"has-white-color has-text-color has-medium-font-size\">You are a teacher, you lead mediation actions? Contact us for the current offer (according to the exhibitions) by phone at <strong>+33 5 34 24 52 35<\/strong> or by email, see the page <a href=\"https:\/\/chateaudeau.toulouse.fr\/en\/team-and-contacts\/\">Team and contacts<\/a>.<\/p>\n<\/div><\/div>\n\n\n<section class=\"section-group\"><div class=\"container\"><div class=\"pure-g\">\n<div class=\"wp-block-group is-layout-flow wp-block-group-is-layout-flow\">\n<h2 class=\"has-grey-dark-color has-text-color wp-block-heading\"> Book <strong> your visit<\/strong><\/h2>\n\n\n\n<div class=\"wpcf7 no-js\" id=\"wpcf7-f3898-o1\" lang=\"fr-FR\" dir=\"ltr\" data-wpcf7-id=\"3898\">\n<div class=\"screen-reader-response\"><p role=\"status\" aria-live=\"polite\" aria-atomic=\"true\"><\/p> <ul><\/ul><\/div>\n<form action=\"\/en\/wp-json\/wp\/v2\/pages\/5475#wpcf7-f3898-o1\" method=\"post\" class=\"wpcf7-form init\" aria-label=\"Contact form\" novalidate=\"novalidate\" data-status=\"init\">\n<fieldset class=\"hidden-fields-container\"><input type=\"hidden\" name=\"_wpcf7\" value=\"3898\" \/><input type=\"hidden\" name=\"_wpcf7_version\" value=\"6.1.5\" \/><input type=\"hidden\" name=\"_wpcf7_locale\" value=\"fr_FR\" \/><input type=\"hidden\" name=\"_wpcf7_unit_tag\" value=\"wpcf7-f3898-o1\" \/><input type=\"hidden\" name=\"_wpcf7_container_post\" value=\"0\" \/><input type=\"hidden\" name=\"_wpcf7_posted_data_hash\" value=\"\" \/>\n<\/fieldset>\n<input class=\"wpcf7-form-control wpcf7-hidden\" value=\"block_62da6220d16d5\" type=\"hidden\" name=\"block_id\" \/>\n<input class=\"wpcf7-form-control wpcf7-hidden\" value=\"5475\" type=\"hidden\" name=\"page_id\" \/>\n<input class=\"wpcf7-form-control wpcf7-hidden\" value=\"publics.chateaudeau@mairie-toulouse.fr\" type=\"hidden\" name=\"dest\" \/>\n\n<div>\n<p class=\"form-group form-group--full mandatory\"><span class=\"mandatory\">*<\/span> Les champs marqu\u00e9s d&#8217;un ast\u00e9risque sont obligatoires.<\/p>\n<p class=\"form-group form-group--full\"><em>Ne saisissez aucune information personnelle dans ce formulaire qui ne soit pas utile au traitement de votre demande.<\/em><\/p>\n<\/div>\n<div class=\"form-group\">\n    <label for=\"first-name-form3898-1\">Pr\u00e9nom<\/label><span class=\"wpcf7-form-control-wrap\" data-name=\"first_name\"><input size=\"40\" maxlength=\"400\" class=\"wpcf7-form-control wpcf7-text\" id=\"first-name-form3898-1\" aria-invalid=\"false\" placeholder=\"Exemple : Jean\" value=\"\" type=\"text\" name=\"first_name\" \/><\/span>\n<\/div>\n\n<div class=\"form-group\">\n    <label for=\"last-name-form3898-1\">Nom<\/label><span class=\"wpcf7-form-control-wrap\" data-name=\"last_name\"><input size=\"40\" maxlength=\"400\" class=\"wpcf7-form-control wpcf7-text\" id=\"last-name-form3898-1\" aria-invalid=\"false\" placeholder=\"Exemple : Martin\" value=\"\" type=\"text\" name=\"last_name\" \/><\/span>\n<\/div>\n\n<div class=\"form-group\">\n    <label for=\"email-contact-form3898-1\"><span class=\"mandatory\">*<\/span>Courriel <small>Exemple : jean@martin.fr<\/small><\/label><span class=\"wpcf7-form-control-wrap\" data-name=\"email\"><input size=\"40\" maxlength=\"400\" class=\"wpcf7-form-control wpcf7-email wpcf7-validates-as-required wpcf7-text wpcf7-validates-as-email\" id=\"email-contact-form3898-1\" aria-required=\"true\" aria-invalid=\"false\" placeholder=\"Exemple : jean@martin.fr\" value=\"\" type=\"email\" name=\"email\" \/><\/span>\n<\/div>\n\n<div class=\"form-group\">\n    <label for=\"phone-number-form3898-1\">Num\u00e9ro de t\u00e9l\u00e9phone <small>Exemple : 0605040302<\/small><\/label><span class=\"wpcf7-form-control-wrap\" data-name=\"phone_number\"><input size=\"40\" maxlength=\"400\" class=\"wpcf7-form-control wpcf7-tel wpcf7-text wpcf7-validates-as-tel\" id=\"phone-number-form3898-1\" aria-invalid=\"false\" placeholder=\"Exemple : 0605040302\" value=\"\" type=\"tel\" name=\"phone_number\" \/><\/span>\n<\/div>\n\n<div class=\"form-group\">\n    <label for=\"subject-form3898-1\"><span class=\"mandatory\"><\/span> Objet de votre demande *<\/label><span class=\"wpcf7-form-control-wrap\" data-name=\"subject\"><input size=\"40\" maxlength=\"400\" class=\"wpcf7-form-control wpcf7-text wpcf7-validates-as-required\" id=\"subject-form3898-1\" aria-required=\"true\" aria-invalid=\"false\" placeholder=\"Votre demande\" value=\"\" type=\"text\" name=\"subject\" \/><\/span>\n<\/div>\n<div class=\"form-group form-group--full\">\n    <label for=\"message-form3898-1\"><span class=\"mandatory\">*<\/span> Message<\/label><span class=\"wpcf7-form-control-wrap\" data-name=\"message\"><textarea cols=\"40\" rows=\"10\" maxlength=\"2000\" class=\"wpcf7-form-control wpcf7-textarea wpcf7-validates-as-required\" id=\"message-form3898-1\" aria-required=\"true\" aria-invalid=\"false\" placeholder=\"Votre message\" name=\"message\"><\/textarea><\/span>\n<\/div>\n\n<div class=\"form-group form-group--full\">\n    <span class=\"wpcf7-form-control-wrap\" data-name=\"consent\"><span class=\"wpcf7-form-control wpcf7-acceptance\"><span class=\"wpcf7-list-item\"><label><input type=\"checkbox\" name=\"consent\" value=\"1\" aria-invalid=\"false\" \/><span class=\"wpcf7-list-item-label\">En cochant cette case je consens \u00e0 ce que mes donn\u00e9es soient trait\u00e9es par le Ch\u00e2teau d\u2019Eau de Toulouse. Je suis inform\u00e9(e) du retrait possible de mon consentement, \u00e0 tout moment, en le demandant \u00e0 galerielechateaudeau@mairie-toulouse.fr *<\/span><\/label><\/span><\/span><\/span>\n<\/div>\n\n<div class=\"form-group form-group--full\">\n    <span class=\"wpcf7-form-control-wrap\" data-name=\"consent\"><span class=\"wpcf7-form-control wpcf7-acceptance\"><span class=\"wpcf7-list-item\"><label><input type=\"checkbox\" name=\"consent\" value=\"1\" aria-invalid=\"false\" \/><span class=\"wpcf7-list-item-label\">En cochant cette case, j&#8217;atteste avoir 16 ans ou plus.*<\/span><\/label><\/span><\/span><\/span>\n<\/div>\n\n<p>Ce formulaire est un traitement de donn\u00e9es personnelles g\u00e9r\u00e9 par le Ch\u00e2teau d\u2019Eau de Toulouse. Les informations recueillies \u00e0 partir de ce formulaire sont transmises au service gestionnaire de votre demande. Vous pouvez acc\u00e9der aux donn\u00e9es vous concernant, vous opposer \u00e0 leur traitement, les faire rectifier ou les faire effacer en contactant galerielechateaudeau@mairie-toulouse.fr<\/p>\n<div class=\"form-group--full\">\n    <div class=\"wpcf7-form-control wpcf7-captchetat\">\n    <span class=\"wpcf7-form-control-wrap\" data-name=\"captchetat\">\n        <div\n            class=\"tlsm-captchetat\"\n            data-captchetat-endpoint=\"https:\/\/chateaudeau.toulouse.fr\/en\/wp-json\/tlsm\/v1\/captcha\"\n            aria-live=\"polite\"\n        >\n            <div class=\"tlsm-captchetat__widget\">\n                <div\n                    class=\"tlsm-captchetat__image\"\n                    role=\"img\"\n                    aria-label=\"Image captcha\"\n                ><\/div>\n\n                <div class=\"tlsm-captchetat__actions\">\n                    <button\n                        type=\"button\"\n                        class=\"tlsm-captchetat__refresh\"\n                        title=\"Recharger le captcha\"\n                        aria-label=\"Recharger le captcha\"\n                    >\n                        <span aria-hidden=\"true\">&#x21bb;<\/span>\n                    <\/button>\n\n                    <button\n                        type=\"button\"\n                        class=\"tlsm-captchetat__audio\"\n                        title=\"\u00c9couter le captcha\"\n                        aria-label=\"\u00c9couter le captcha\"\n                    >\n                        <span aria-hidden=\"true\">&#x1f50a;<\/span>\n                    <\/button>\n                <\/div>\n            <\/div>\n\n            <label class=\"tlsm-captchetat__label\">\n                <span class=\"tlsm-captchetat__label-text\">\n                    Saisissez le code affich\u00e9                <\/span>\n\n                <input\n                    type=\"text\"\n                    name=\"captchetat\"\n                    class=\"tlsm-captchetat__input wpcf7-form-control\"\n                    autocomplete=\"off\"\n                    aria-required=\"true\"\n                    aria-invalid=\"false\"                \/>\n            <\/label>\n\n            <input\n                type=\"hidden\"\n                name=\"captchetat-uuid\"\n                class=\"tlsm-captchetat__uuid\"\n                value=\"\"\n            \/>\n\n                    <\/div>\n    <\/span>\n<\/div>\n\n\n<\/div>\n<div class=\"call\">\n    <input class=\"wpcf7-form-control wpcf7-submit has-spinner btn btn--gold\" type=\"submit\" value=\"Envoyer\" \/>\n<\/div><div class=\"wpcf7-response-output\" aria-hidden=\"true\"><\/div>\n<\/form>\n<\/div>\n<\/div>\n<\/div><\/div><\/section>","protected":false},"excerpt":{"rendered":"<p>Prepare your visit by downloading the exhibition booklet Book your visit<\/p>\n","protected":false},"author":16,"featured_media":0,"parent":0,"menu_order":0,"comment_status":"closed","ping_status":"closed","template":"","meta":{"_acf_changed":false,"footnotes":""},"class_list":["post-5475","page","type-page","status-publish","hentry"],"acf":[],"yoast_head":"<!-- This site is optimized with the Yoast SEO plugin v27.0 - https:\/\/yoast.com\/product\/yoast-seo-wordpress\/ -->\n<title>Art and cultural education - Le Ch\u00e2teau d&#039;Eau<\/title>\n<meta name=\"robots\" content=\"index, follow, max-snippet:-1, max-image-preview:large, max-video-preview:-1\" \/>\n<link rel=\"canonical\" href=\"https:\/\/chateaudeau.toulouse.fr\/en\/art-and-cultural-education\/\" \/>\n<meta property=\"og:locale\" content=\"en_US\" \/>\n<meta property=\"og:type\" content=\"article\" \/>\n<meta property=\"og:title\" content=\"Art and cultural education - Le Ch\u00e2teau d&#039;Eau\" \/>\n<meta property=\"og:description\" content=\"Prepare your visit by downloading the exhibition booklet Book your visit\" \/>\n<meta property=\"og:url\" content=\"https:\/\/chateaudeau.toulouse.fr\/en\/art-and-cultural-education\/\" \/>\n<meta property=\"og:site_name\" content=\"Le Ch\u00e2teau d&#039;Eau\" \/>\n<meta property=\"article:publisher\" content=\"https:\/\/www.facebook.com\/galerielechateaudeau\" \/>\n<meta property=\"og:image\" content=\"https:\/\/chateaudeau.toulouse.fr\/wp-content\/uploads\/sites\/2\/2022\/07\/Presentation_Tour_FB.jpg\" \/>\n<meta name=\"twitter:card\" content=\"summary_large_image\" \/>\n<meta name=\"twitter:label1\" content=\"Est. reading time\" \/>\n\t<meta name=\"twitter:data1\" content=\"1 minute\" \/>\n<script type=\"application\/ld+json\" class=\"yoast-schema-graph\">{\"@context\":\"https:\/\/schema.org\",\"@graph\":[{\"@type\":\"WebPage\",\"@id\":\"https:\/\/chateaudeau.toulouse.fr\/en\/art-and-cultural-education\/\",\"url\":\"https:\/\/chateaudeau.toulouse.fr\/en\/art-and-cultural-education\/\",\"name\":\"Art and cultural education - Le Ch\u00e2teau d&#039;Eau\",\"isPartOf\":{\"@id\":\"https:\/\/chateaudeau.toulouse.fr\/en\/#website\"},\"primaryImageOfPage\":{\"@id\":\"https:\/\/chateaudeau.toulouse.fr\/en\/art-and-cultural-education\/#primaryimage\"},\"image\":{\"@id\":\"https:\/\/chateaudeau.toulouse.fr\/en\/art-and-cultural-education\/#primaryimage\"},\"thumbnailUrl\":\"https:\/\/chateaudeau.toulouse.fr\/wp-content\/uploads\/sites\/2\/2022\/07\/Presentation_Tour_FB.jpg\",\"datePublished\":\"2022-07-09T04:31:50+00:00\",\"breadcrumb\":{\"@id\":\"https:\/\/chateaudeau.toulouse.fr\/en\/art-and-cultural-education\/#breadcrumb\"},\"inLanguage\":\"en-US\",\"potentialAction\":[{\"@type\":\"ReadAction\",\"target\":[\"https:\/\/chateaudeau.toulouse.fr\/en\/art-and-cultural-education\/\"]}]},{\"@type\":\"ImageObject\",\"inLanguage\":\"en-US\",\"@id\":\"https:\/\/chateaudeau.toulouse.fr\/en\/art-and-cultural-education\/#primaryimage\",\"url\":\"https:\/\/chateaudeau.toulouse.fr\/wp-content\/uploads\/sites\/2\/2022\/07\/Presentation_Tour_FB.jpg\",\"contentUrl\":\"https:\/\/chateaudeau.toulouse.fr\/wp-content\/uploads\/sites\/2\/2022\/07\/Presentation_Tour_FB.jpg\"},{\"@type\":\"BreadcrumbList\",\"@id\":\"https:\/\/chateaudeau.toulouse.fr\/en\/art-and-cultural-education\/#breadcrumb\",\"itemListElement\":[{\"@type\":\"ListItem\",\"position\":1,\"name\":\"Accueil\",\"item\":\"https:\/\/chateaudeau.toulouse.fr\/en\/\"},{\"@type\":\"ListItem\",\"position\":2,\"name\":\"Art and cultural education\"}]},{\"@type\":\"WebSite\",\"@id\":\"https:\/\/chateaudeau.toulouse.fr\/en\/#website\",\"url\":\"https:\/\/chateaudeau.toulouse.fr\/en\/\",\"name\":\"Le Ch\u00e2teau d&#039;Eau\",\"description\":\"\",\"publisher\":{\"@id\":\"https:\/\/chateaudeau.toulouse.fr\/en\/#organization\"},\"potentialAction\":[{\"@type\":\"SearchAction\",\"target\":{\"@type\":\"EntryPoint\",\"urlTemplate\":\"https:\/\/chateaudeau.toulouse.fr\/en\/search\/{search_term_string}\"},\"query-input\":{\"@type\":\"PropertyValueSpecification\",\"valueRequired\":true,\"valueName\":\"search_term_string\"}}],\"inLanguage\":\"en-US\"},{\"@type\":\"Organization\",\"@id\":\"https:\/\/chateaudeau.toulouse.fr\/en\/#organization\",\"name\":\"Galerie Le Ch\u00e2teau d'Eau\",\"url\":\"https:\/\/chateaudeau.toulouse.fr\/en\/\",\"logo\":{\"@type\":\"ImageObject\",\"inLanguage\":\"en-US\",\"@id\":\"https:\/\/chateaudeau.toulouse.fr\/en\/#\/schema\/logo\/image\/\",\"url\":\"https:\/\/chateaudeau.toulouse.fr\/wp-content\/uploads\/sites\/2\/2025\/08\/cropped-cropped-LeChateaudEauV2-300x53-1.png\",\"contentUrl\":\"https:\/\/chateaudeau.toulouse.fr\/wp-content\/uploads\/sites\/2\/2025\/08\/cropped-cropped-LeChateaudEauV2-300x53-1.png\",\"width\":300,\"height\":53,\"caption\":\"Galerie Le Ch\u00e2teau d'Eau\"},\"image\":{\"@id\":\"https:\/\/chateaudeau.toulouse.fr\/en\/#\/schema\/logo\/image\/\"},\"sameAs\":[\"https:\/\/www.facebook.com\/galerielechateaudeau\",\"https:\/\/www.instagram.com\/galerielechateaudeau\/?hl=fr\",\"https:\/\/www.youtube.com\/user\/Toulousefr\"]}]}<\/script>\n<!-- \/ Yoast SEO plugin. -->","yoast_head_json":{"title":"Art and cultural education - Le Ch\u00e2teau d&#039;Eau","robots":{"index":"index","follow":"follow","max-snippet":"max-snippet:-1","max-image-preview":"max-image-preview:large","max-video-preview":"max-video-preview:-1"},"canonical":"https:\/\/chateaudeau.toulouse.fr\/en\/art-and-cultural-education\/","og_locale":"en_US","og_type":"article","og_title":"Art and cultural education - Le Ch\u00e2teau d&#039;Eau","og_description":"Prepare your visit by downloading the exhibition booklet Book your visit","og_url":"https:\/\/chateaudeau.toulouse.fr\/en\/art-and-cultural-education\/","og_site_name":"Le Ch\u00e2teau d&#039;Eau","article_publisher":"https:\/\/www.facebook.com\/galerielechateaudeau","og_image":[{"url":"https:\/\/chateaudeau.toulouse.fr\/wp-content\/uploads\/sites\/2\/2022\/07\/Presentation_Tour_FB.jpg","type":"","width":"","height":""}],"twitter_card":"summary_large_image","twitter_misc":{"Est. reading time":"1 minute"},"schema":{"@context":"https:\/\/schema.org","@graph":[{"@type":"WebPage","@id":"https:\/\/chateaudeau.toulouse.fr\/en\/art-and-cultural-education\/","url":"https:\/\/chateaudeau.toulouse.fr\/en\/art-and-cultural-education\/","name":"Art and cultural education - Le Ch\u00e2teau d&#039;Eau","isPartOf":{"@id":"https:\/\/chateaudeau.toulouse.fr\/en\/#website"},"primaryImageOfPage":{"@id":"https:\/\/chateaudeau.toulouse.fr\/en\/art-and-cultural-education\/#primaryimage"},"image":{"@id":"https:\/\/chateaudeau.toulouse.fr\/en\/art-and-cultural-education\/#primaryimage"},"thumbnailUrl":"https:\/\/chateaudeau.toulouse.fr\/wp-content\/uploads\/sites\/2\/2022\/07\/Presentation_Tour_FB.jpg","datePublished":"2022-07-09T04:31:50+00:00","breadcrumb":{"@id":"https:\/\/chateaudeau.toulouse.fr\/en\/art-and-cultural-education\/#breadcrumb"},"inLanguage":"en-US","potentialAction":[{"@type":"ReadAction","target":["https:\/\/chateaudeau.toulouse.fr\/en\/art-and-cultural-education\/"]}]},{"@type":"ImageObject","inLanguage":"en-US","@id":"https:\/\/chateaudeau.toulouse.fr\/en\/art-and-cultural-education\/#primaryimage","url":"https:\/\/chateaudeau.toulouse.fr\/wp-content\/uploads\/sites\/2\/2022\/07\/Presentation_Tour_FB.jpg","contentUrl":"https:\/\/chateaudeau.toulouse.fr\/wp-content\/uploads\/sites\/2\/2022\/07\/Presentation_Tour_FB.jpg"},{"@type":"BreadcrumbList","@id":"https:\/\/chateaudeau.toulouse.fr\/en\/art-and-cultural-education\/#breadcrumb","itemListElement":[{"@type":"ListItem","position":1,"name":"Accueil","item":"https:\/\/chateaudeau.toulouse.fr\/en\/"},{"@type":"ListItem","position":2,"name":"Art and cultural education"}]},{"@type":"WebSite","@id":"https:\/\/chateaudeau.toulouse.fr\/en\/#website","url":"https:\/\/chateaudeau.toulouse.fr\/en\/","name":"Le Ch\u00e2teau d&#039;Eau","description":"","publisher":{"@id":"https:\/\/chateaudeau.toulouse.fr\/en\/#organization"},"potentialAction":[{"@type":"SearchAction","target":{"@type":"EntryPoint","urlTemplate":"https:\/\/chateaudeau.toulouse.fr\/en\/search\/{search_term_string}"},"query-input":{"@type":"PropertyValueSpecification","valueRequired":true,"valueName":"search_term_string"}}],"inLanguage":"en-US"},{"@type":"Organization","@id":"https:\/\/chateaudeau.toulouse.fr\/en\/#organization","name":"Galerie Le Ch\u00e2teau d'Eau","url":"https:\/\/chateaudeau.toulouse.fr\/en\/","logo":{"@type":"ImageObject","inLanguage":"en-US","@id":"https:\/\/chateaudeau.toulouse.fr\/en\/#\/schema\/logo\/image\/","url":"https:\/\/chateaudeau.toulouse.fr\/wp-content\/uploads\/sites\/2\/2025\/08\/cropped-cropped-LeChateaudEauV2-300x53-1.png","contentUrl":"https:\/\/chateaudeau.toulouse.fr\/wp-content\/uploads\/sites\/2\/2025\/08\/cropped-cropped-LeChateaudEauV2-300x53-1.png","width":300,"height":53,"caption":"Galerie Le Ch\u00e2teau d'Eau"},"image":{"@id":"https:\/\/chateaudeau.toulouse.fr\/en\/#\/schema\/logo\/image\/"},"sameAs":["https:\/\/www.facebook.com\/galerielechateaudeau","https:\/\/www.instagram.com\/galerielechateaudeau\/?hl=fr","https:\/\/www.youtube.com\/user\/Toulousefr"]}]}},"_links":{"self":[{"href":"https:\/\/chateaudeau.toulouse.fr\/en\/wp-json\/wp\/v2\/pages\/5475","targetHints":{"allow":["GET"]}}],"collection":[{"href":"https:\/\/chateaudeau.toulouse.fr\/en\/wp-json\/wp\/v2\/pages"}],"about":[{"href":"https:\/\/chateaudeau.toulouse.fr\/en\/wp-json\/wp\/v2\/types\/page"}],"author":[{"embeddable":true,"href":"https:\/\/chateaudeau.toulouse.fr\/en\/wp-json\/wp\/v2\/users\/16"}],"replies":[{"embeddable":true,"href":"https:\/\/chateaudeau.toulouse.fr\/en\/wp-json\/wp\/v2\/comments?post=5475"}],"version-history":[{"count":0,"href":"https:\/\/chateaudeau.toulouse.fr\/en\/wp-json\/wp\/v2\/pages\/5475\/revisions"}],"wp:attachment":[{"href":"https:\/\/chateaudeau.toulouse.fr\/en\/wp-json\/wp\/v2\/media?parent=5475"}],"curies":[{"name":"wp","href":"https:\/\/api.w.org\/{rel}","templated":true}]}}